{"id":4134,"date":"2018-03-11T20:40:31","date_gmt":"2018-03-11T19:40:31","guid":{"rendered":"https:\/\/paugoethe.com\/sonamar\/politica-de-cookies\/"},"modified":"2019-02-27T20:34:46","modified_gmt":"2019-02-27T19:34:46","slug":"politica-de-cookies","status":"publish","type":"page","link":"https:\/\/sonamar.net\/en\/politica-de-cookies\/","title":{"rendered":"Pol\u00edtica de cookies"},"content":{"rendered":"[et_pb_section fb_built=&#8221;1&#8243; _builder_version=&#8221;3.0.47&#8243;][et_pb_row _builder_version=&#8221;3.0.48&#8243; background_size=&#8221;initial&#8221; background_position=&#8221;top_left&#8221; background_repeat=&#8221;repeat&#8221;][et_pb_column type=&#8221;4_4&#8243; _builder_version=&#8221;3.0.47&#8243; parallax=&#8221;off&#8221; parallax_method=&#8221;on&#8221;][et_pb_text _builder_version=&#8221;3.18.9&#8243;]\n<p style=\"text-align: center;\"><span style=\"text-decoration: underline; color: #000000;\"><span style=\"font-size: 18pt;\"><strong>Pol\u00edtica de cookies<\/strong><\/span><\/span><\/p>\n<p>Se denomina cookie a un segmento de datos que son almacenados en el navegador del usuario con la finalidad de ofrecer mayor informaci\u00f3n al servidor web acerca de \u00e9ste, permitiendo as\u00ed recordar determinados par\u00e1metros e informaci\u00f3n sobre el usuario, consiguiendo una mayor personalizaci\u00f3n y an\u00e1lisis sobre el comportamiento del mismo.<\/p>\n<p><strong>SON A MAR<\/strong>\u00a0utiliza cookies que se quedar\u00e1n almacenadas en el ordenador. No nos proporcionan informaci\u00f3n ni sobre su nombre, ni sobre cualquier dato de car\u00e1cter personal suyo. Cuando el usuario se encuentre navegando por las p\u00e1ginas web de <strong>SON A MAR.<\/strong> el servidor donde se encuentra alojada reconoce autom\u00e1ticamente la direcci\u00f3n IP de su ordenador, el d\u00eda y la hora en la que comienza la visita, en la que abandona la visita, as\u00ed como informaci\u00f3n sobre las distintas secciones consultadas. Es necesario que el servidor conozca estos datos para poder comunicarse y enviarle la petici\u00f3n realizada y que a trav\u00e9s del navegador se pueda ver en la pantalla.<\/p>\n<p><strong><u>Qu\u00e9 tipos de Cookies existen:<\/u><\/strong><\/p>\n<p>Existen diferentes tipos de cookies, las cuales pueden ser clasificadas seg\u00fan su finalidad a la hora de obtener informaci\u00f3n acerca del usuario:<\/p>\n<p>&#8211; <strong>Cookies t\u00e9cnicas<\/strong>: Permiten al usuario la navegaci\u00f3n a trav\u00e9s de una p\u00e1gina web, plataforma o aplicaci\u00f3n y la utilizaci\u00f3n de las diferentes opciones o servicios que en ella existan como, por ejemplo, controlar el tr\u00e1fico y la comunicaci\u00f3n de datos, identificar la sesi\u00f3n, acceder a partes de acceso restringido, recordar los elementos que integran un pedido, realizar el proceso de compra de un pedido, realizar la solicitud de inscripci\u00f3n o participaci\u00f3n en un evento, utilizar elementos de seguridad durante la navegaci\u00f3n, almacenar contenidos para la difusi\u00f3n de videos o sonido o compartir contenidos a trav\u00e9s de redes sociales.<\/p>\n<p><strong>&#8211; Cookies de personalizaci\u00f3n<\/strong>: Permiten al usuario acceder al servicio con algunas caracter\u00edsticas de car\u00e1cter general predefinidas en funci\u00f3n de una serie de criterios en el terminal del usuario como por ejemplo serian el idioma, el tipo de navegador a trav\u00e9s del cual accede al servicio, la configuraci\u00f3n regional desde donde accede al servicio, etc.<\/p>\n<p>&#8211; <strong>Cookies de an\u00e1lisis<\/strong>: Permiten al responsable de las mismas, el seguimiento y an\u00e1lisis del comportamiento de los usuarios de los sitios web a los que est\u00e1n vinculadas. La informaci\u00f3n recogida mediante este tipo de cookies se utiliza en la medici\u00f3n de la actividad de los sitios web, aplicaci\u00f3n o plataforma y para la elaboraci\u00f3n de perfiles de navegaci\u00f3n de los usuarios de dichos sitios, aplicaciones y plataformas, con el fin de introducir mejoras en funci\u00f3n del an\u00e1lisis de los datos de uso que hacen los usuarios del servicio.<\/p>\n<p>&#8211; <strong>Cookies publicitarias: <\/strong>Permiten la gesti\u00f3n, de la forma m\u00e1s eficaz posible, de los espacios publicitarios que, en su caso, el editor haya incluido en una p\u00e1gina web, aplicaci\u00f3n o plataforma desde la que presta el servicio solicitado en base a criterios como el contenido editado o la frecuencia en la que se muestran los anuncios.<\/p>\n<p><strong>\u00a0&#8211; Cookies de publicidad comportamental<\/strong>: Permiten la gesti\u00f3n, de la forma m\u00e1s eficaz posible, de los espacios publicitarios que, en su caso, el editor haya incluido en una p\u00e1gina web, aplicaci\u00f3n o plataforma desde la que presta el servicio solicitado. Estas cookies almacenan informaci\u00f3n del comportamiento de los usuarios obtenida a trav\u00e9s de la observaci\u00f3n continuada de sus h\u00e1bitos de navegaci\u00f3n, lo que permite desarrollar un perfil espec\u00edfico para mostrar publicidad en funci\u00f3n del mismo.<\/p>\n<p>Puede obtener m\u00e1s informaci\u00f3n sobre las cookies y su uso en <a href=\"http:\/\/www.aboutcookies.org\">www.aboutcookies.org<\/a> o en <a href=\"http:\/\/www.politicadecookies.com\">www.politicadecookies.com<\/a><\/p>\n<p><strong><u>Qu\u00e9 cookies utilizamos en nuestra web:<\/u><\/strong><\/p>\n<p>Las cookies que utilizamos en nuestra web tienen fines estad\u00edsticos y de facilidad. Se utilizan para facilitar el uso de nuestra p\u00e1gina web. Las cookies nos permiten comparar y entender c\u00f3mo nuestros usuarios navegan a trav\u00e9s de nuestra p\u00e1gina web, y de esta manera poder mejorar consecuentemente el proceso de navegaci\u00f3n. En caso de no querer recibir cookies, por favor configure su navegador de Internet para que las borre del disco duro de su ordenador, las bloquee o le avise en caso de instalaci\u00f3n de las mismas. Para continuar sin cambios en la configuraci\u00f3n de las cookies, simplemente contin\u00fae en la p\u00e1gina web. Las cookies utilizadas son las siguientes.<\/p>\n<p>_ga: Cookies utilizadas para Google Analytics. Almacena la fuente de tr\u00e1fico o la campa\u00f1a que explica c\u00f3mo ha llegado el usuario al portal. Se usa para distinguir usuarios y sesiones. La cookie se actualiza cada vez que se env\u00edan datos a Google Analytics.<\/p>\n<p>_gat: Se usa para diferenciar entre los diferentes objetos de seguimiento creados en la sesi\u00f3n. La cookie se crea al cargar la librer\u00eda javascript y no existe una versi\u00f3n previa de la cookie _gat. La cookie se actualiza cada vez que env\u00eda los datos a Google Analytics.<\/p>\n<p><strong><u>Consentimiento. <\/u><\/strong><\/p>\n<p>Dada la finalidad y uso de las cookies del sitio web consideramos que si usted sigue navegando acepta el uso y la pol\u00edtica de cookies presentada<\/p>\n<p><strong><u>C\u00f3mo administrar las cookies en los ordenadores. <\/u><\/strong><\/p>\n<p>No obstante puede usted permitir, bloquear o eliminar las cookies instaladas en su equipo mediante la configuraci\u00f3n de las opciones de su navegador. Encontrar\u00e1 informaci\u00f3n sobre c\u00f3mo hacerlo en<\/p>\n<p><strong><em>Microsoft Internet Explorer:\u00a0\u00a0\u00a0\u00a0 <a href=\"https:\/\/support.microsoft.com\/es-es\/help\/278835\">https:\/\/support.microsoft.com\/es-es\/help\/278835<\/a><\/em><\/strong><\/p>\n<p><strong><em>Google Chrome:\u00a0\u00a0\u00a0\u00a0\u00a0\u00a0\u00a0\u00a0\u00a0\u00a0\u00a0\u00a0\u00a0\u00a0\u00a0\u00a0\u00a0\u00a0\u00a0\u00a0 <a href=\"https:\/\/support.google.com\/chrome\/answer\/95647?hl=es\">https:\/\/support.google.com\/chrome\/answer\/95647?hl=es<\/a><\/em><\/strong><\/p>\n<p><strong><em>Mozilla Firefox:\u00a0\u00a0\u00a0\u00a0\u00a0\u00a0\u00a0\u00a0\u00a0\u00a0\u00a0 <\/em><\/strong><strong><em><a href=\"https:\/\/support.mozilla.org\/es\/kb\/Borrar%20cookies\">https:\/\/support.mozilla.org\/es\/kb\/Borrar%20cookies<\/a><\/em><\/strong><\/p>\n<p><strong><em>Safari:\u00a0\u00a0\u00a0\u00a0\u00a0\u00a0\u00a0\u00a0\u00a0\u00a0\u00a0\u00a0\u00a0\u00a0\u00a0\u00a0\u00a0\u00a0\u00a0\u00a0\u00a0\u00a0\u00a0\u00a0\u00a0\u00a0\u00a0\u00a0\u00a0\u00a0\u00a0\u00a0\u00a0\u00a0\u00a0\u00a0 <a href=\"https:\/\/support.apple.com\/kb\/ph5042?locale=es_ES\">https:\/\/support.apple.com\/kb\/ph5042?locale=es_ES<\/a><\/em><\/strong><\/p>\n[\/et_pb_text][\/et_pb_column][\/et_pb_row][\/et_pb_section]\n","protected":false},"excerpt":{"rendered":"<p>[et_pb_section fb_built=&#8221;1&#8243; _builder_version=&#8221;3.0.47&#8243;][et_pb_row _builder_version=&#8221;3.0.48&#8243; background_size=&#8221;initial&#8221; background_position=&#8221;top_left&#8221; background_repeat=&#8221;repeat&#8221;][et_pb_column type=&#8221;4_4&#8243; _builder_version=&#8221;3.0.47&#8243; parallax=&#8221;off&#8221; parallax_method=&#8221;on&#8221;][et_pb_text _builder_version=&#8221;3.18.9&#8243;] Pol\u00edtica de cookies Se denomina cookie a un segmento de datos que son almacenados en el navegador del&#8230;<\/p>\n","protected":false},"author":4,"featured_media":0,"parent":0,"menu_order":0,"comment_status":"closed","ping_status":"closed","template":"","meta":{"_joinchat":[],"footnotes":""},"class_list":["post-4134","page","type-page","status-publish"],"yoast_head":"<!-- This site is optimized with the Yoast SEO plugin v27.2 - https:\/\/yoast.com\/product\/yoast-seo-wordpress\/ -->\n<title>Policy of cookies of SON A MAR for the website you are visiting<\/title>\n<meta name=\"description\" content=\"Politica de cookies para informar al usuario de la web de lo que nos proporcionan las cookies de su navegador y que hacemos con ellas\" \/>\n<meta name=\"robots\" content=\"index, follow, max-snippet:-1, max-image-preview:large, max-video-preview:-1\" \/>\n<link rel=\"canonical\" href=\"https:\/\/sonamar.net\/en\/politica-de-cookies\/\" \/>\n<meta property=\"og:locale\" content=\"en_US\" \/>\n<meta property=\"og:type\" content=\"article\" \/>\n<meta property=\"og:title\" content=\"Policy of cookies of SON A MAR for the website you are visiting\" \/>\n<meta property=\"og:description\" content=\"Politica de cookies para informar al usuario de la web de lo que nos proporcionan las cookies de su navegador y que hacemos con ellas\" \/>\n<meta property=\"og:url\" content=\"https:\/\/sonamar.net\/en\/politica-de-cookies\/\" \/>\n<meta property=\"og:site_name\" content=\"Son a mar\" \/>\n<meta property=\"article:publisher\" content=\"https:\/\/www.facebook.com\/sonamar-284095436371\/\" \/>\n<meta property=\"article:modified_time\" content=\"2019-02-27T19:34:46+00:00\" \/>\n<meta property=\"og:image\" content=\"https:\/\/sonamar.net\/wp-content\/uploads\/2018\/05\/IMG_6621-e1551293404815.jpg\" \/>\n\t<meta property=\"og:image:width\" content=\"1264\" \/>\n\t<meta property=\"og:image:height\" content=\"948\" \/>\n\t<meta property=\"og:image:type\" content=\"image\/jpeg\" \/>\n<meta name=\"twitter:card\" content=\"summary_large_image\" \/>\n<meta name=\"twitter:label1\" content=\"Est. reading time\" \/>\n\t<meta name=\"twitter:data1\" content=\"5 minutes\" \/>\n<script type=\"application\/ld+json\" class=\"yoast-schema-graph\">{\"@context\":\"https:\/\/schema.org\",\"@graph\":[{\"@type\":\"WebPage\",\"@id\":\"https:\/\/sonamar.net\/en\/politica-de-cookies\/\",\"url\":\"https:\/\/sonamar.net\/en\/politica-de-cookies\/\",\"name\":\"Policy of cookies of SON A MAR for the website you are visiting\",\"isPartOf\":{\"@id\":\"https:\/\/sonamar.net\/#website\"},\"datePublished\":\"2018-03-11T19:40:31+00:00\",\"dateModified\":\"2019-02-27T19:34:46+00:00\",\"description\":\"Politica de cookies para informar al usuario de la web de lo que nos proporcionan las cookies de su navegador y que hacemos con ellas\",\"breadcrumb\":{\"@id\":\"https:\/\/sonamar.net\/en\/politica-de-cookies\/#breadcrumb\"},\"inLanguage\":\"en-US\",\"potentialAction\":[{\"@type\":\"ReadAction\",\"target\":[\"https:\/\/sonamar.net\/en\/politica-de-cookies\/\"]}]},{\"@type\":\"BreadcrumbList\",\"@id\":\"https:\/\/sonamar.net\/en\/politica-de-cookies\/#breadcrumb\",\"itemListElement\":[{\"@type\":\"ListItem\",\"position\":1,\"name\":\"Inicio\",\"item\":\"https:\/\/sonamar.net\/en\/\"},{\"@type\":\"ListItem\",\"position\":2,\"name\":\"Pol\u00edtica de cookies\"}]},{\"@type\":\"WebSite\",\"@id\":\"https:\/\/sonamar.net\/#website\",\"url\":\"https:\/\/sonamar.net\/\",\"name\":\"Son a mar\",\"description\":\"Son a mar: ven a navegar\",\"publisher\":{\"@id\":\"https:\/\/sonamar.net\/#organization\"},\"potentialAction\":[{\"@type\":\"SearchAction\",\"target\":{\"@type\":\"EntryPoint\",\"urlTemplate\":\"https:\/\/sonamar.net\/?s={search_term_string}\"},\"query-input\":{\"@type\":\"PropertyValueSpecification\",\"valueRequired\":true,\"valueName\":\"search_term_string\"}}],\"inLanguage\":\"en-US\"},{\"@type\":\"Organization\",\"@id\":\"https:\/\/sonamar.net\/#organization\",\"name\":\"SON A MAR\",\"alternateName\":\"Sonamar\",\"url\":\"https:\/\/sonamar.net\/\",\"logo\":{\"@type\":\"ImageObject\",\"inLanguage\":\"en-US\",\"@id\":\"https:\/\/sonamar.net\/#\/schema\/logo\/image\/\",\"url\":\"https:\/\/sonamar.net\/wp-content\/uploads\/2018\/06\/LOGO-SAM.png\",\"contentUrl\":\"https:\/\/sonamar.net\/wp-content\/uploads\/2018\/06\/LOGO-SAM.png\",\"width\":150,\"height\":158,\"caption\":\"SON A MAR\"},\"image\":{\"@id\":\"https:\/\/sonamar.net\/#\/schema\/logo\/image\/\"},\"sameAs\":[\"https:\/\/www.facebook.com\/sonamar-284095436371\/\",\"https:\/\/www.instagram.com\/sonamar_evaoctavio\/\",\"https:\/\/www.youtube.com\/user\/evasonamar\"]}]}<\/script>\n<!-- \/ Yoast SEO plugin. -->","yoast_head_json":{"title":"Policy of cookies of SON A MAR for the website you are visiting","description":"Politica de cookies para informar al usuario de la web de lo que nos proporcionan las cookies de su navegador y que hacemos con ellas","robots":{"index":"index","follow":"follow","max-snippet":"max-snippet:-1","max-image-preview":"max-image-preview:large","max-video-preview":"max-video-preview:-1"},"canonical":"https:\/\/sonamar.net\/en\/politica-de-cookies\/","og_locale":"en_US","og_type":"article","og_title":"Policy of cookies of SON A MAR for the website you are visiting","og_description":"Politica de cookies para informar al usuario de la web de lo que nos proporcionan las cookies de su navegador y que hacemos con ellas","og_url":"https:\/\/sonamar.net\/en\/politica-de-cookies\/","og_site_name":"Son a mar","article_publisher":"https:\/\/www.facebook.com\/sonamar-284095436371\/","article_modified_time":"2019-02-27T19:34:46+00:00","og_image":[{"width":1264,"height":948,"url":"https:\/\/sonamar.net\/wp-content\/uploads\/2018\/05\/IMG_6621-e1551293404815.jpg","type":"image\/jpeg"}],"twitter_card":"summary_large_image","twitter_misc":{"Est. reading time":"5 minutes"},"schema":{"@context":"https:\/\/schema.org","@graph":[{"@type":"WebPage","@id":"https:\/\/sonamar.net\/en\/politica-de-cookies\/","url":"https:\/\/sonamar.net\/en\/politica-de-cookies\/","name":"Policy of cookies of SON A MAR for the website you are visiting","isPartOf":{"@id":"https:\/\/sonamar.net\/#website"},"datePublished":"2018-03-11T19:40:31+00:00","dateModified":"2019-02-27T19:34:46+00:00","description":"Politica de cookies para informar al usuario de la web de lo que nos proporcionan las cookies de su navegador y que hacemos con ellas","breadcrumb":{"@id":"https:\/\/sonamar.net\/en\/politica-de-cookies\/#breadcrumb"},"inLanguage":"en-US","potentialAction":[{"@type":"ReadAction","target":["https:\/\/sonamar.net\/en\/politica-de-cookies\/"]}]},{"@type":"BreadcrumbList","@id":"https:\/\/sonamar.net\/en\/politica-de-cookies\/#breadcrumb","itemListElement":[{"@type":"ListItem","position":1,"name":"Inicio","item":"https:\/\/sonamar.net\/en\/"},{"@type":"ListItem","position":2,"name":"Pol\u00edtica de cookies"}]},{"@type":"WebSite","@id":"https:\/\/sonamar.net\/#website","url":"https:\/\/sonamar.net\/","name":"Son a mar","description":"Son a mar: ven a navegar","publisher":{"@id":"https:\/\/sonamar.net\/#organization"},"potentialAction":[{"@type":"SearchAction","target":{"@type":"EntryPoint","urlTemplate":"https:\/\/sonamar.net\/?s={search_term_string}"},"query-input":{"@type":"PropertyValueSpecification","valueRequired":true,"valueName":"search_term_string"}}],"inLanguage":"en-US"},{"@type":"Organization","@id":"https:\/\/sonamar.net\/#organization","name":"SON A MAR","alternateName":"Sonamar","url":"https:\/\/sonamar.net\/","logo":{"@type":"ImageObject","inLanguage":"en-US","@id":"https:\/\/sonamar.net\/#\/schema\/logo\/image\/","url":"https:\/\/sonamar.net\/wp-content\/uploads\/2018\/06\/LOGO-SAM.png","contentUrl":"https:\/\/sonamar.net\/wp-content\/uploads\/2018\/06\/LOGO-SAM.png","width":150,"height":158,"caption":"SON A MAR"},"image":{"@id":"https:\/\/sonamar.net\/#\/schema\/logo\/image\/"},"sameAs":["https:\/\/www.facebook.com\/sonamar-284095436371\/","https:\/\/www.instagram.com\/sonamar_evaoctavio\/","https:\/\/www.youtube.com\/user\/evasonamar"]}]}},"_links":{"self":[{"href":"https:\/\/sonamar.net\/en\/wp-json\/wp\/v2\/pages\/4134","targetHints":{"allow":["GET"]}}],"collection":[{"href":"https:\/\/sonamar.net\/en\/wp-json\/wp\/v2\/pages"}],"about":[{"href":"https:\/\/sonamar.net\/en\/wp-json\/wp\/v2\/types\/page"}],"author":[{"embeddable":true,"href":"https:\/\/sonamar.net\/en\/wp-json\/wp\/v2\/users\/4"}],"replies":[{"embeddable":true,"href":"https:\/\/sonamar.net\/en\/wp-json\/wp\/v2\/comments?post=4134"}],"version-history":[{"count":3,"href":"https:\/\/sonamar.net\/en\/wp-json\/wp\/v2\/pages\/4134\/revisions"}],"predecessor-version":[{"id":6373,"href":"https:\/\/sonamar.net\/en\/wp-json\/wp\/v2\/pages\/4134\/revisions\/6373"}],"wp:attachment":[{"href":"https:\/\/sonamar.net\/en\/wp-json\/wp\/v2\/media?parent=4134"}],"curies":[{"name":"wp","href":"https:\/\/api.w.org\/{rel}","templated":true}]}}